{"id":96708,"date":"2026-04-18T18:30:03","date_gmt":"2026-04-18T17:30:03","guid":{"rendered":"https:\/\/www.maisonelite.cloud\/fr\/produit\/sac-de-voyage-louis-vuitton-keepall-bandouliere-50\/"},"modified":"2026-04-18T20:47:26","modified_gmt":"2026-04-18T19:47:26","slug":"sac-de-voyage-louis-vuitton-keepall-bandouliere-50","status":"publish","type":"product","link":"https:\/\/www.maisonelite.cloud\/en\/product\/sac-de-voyage-louis-vuitton-keepall-bandouliere-50\/","title":{"rendered":"Sac de voyage Louis Vuitton Keepall Bandouli\u00e8re 50"},"content":{"rendered":"<p>Louis Vuitton Keepall Bandouli\u00e8re 50 \u2013 M44810<\/p>\n<p>Sac de voyage iconique en cuir Monogram Shadow avec embossage int\u00e9gral et finitions m\u00e9talliques mates. Format cabine id\u00e9al pour les courts s\u00e9jours, alliant \u00e9l\u00e9gance et praticit\u00e9.<\/p>\n<p>\u2022 Dimensions : 50 x 29 x 23 cm<br \/>\n\u2022 Mati\u00e8re : cuir Monogram Shadow emboss\u00e9<br \/>\n\u2022 D\u00e9tails : poign\u00e9es + bandouli\u00e8re<br \/>\n\u2022 Couleur : noir<\/p>\n<p>Classique intemporel, parfait pour voyager avec style.<\/p>","protected":false},"excerpt":{"rendered":"<p><strong>Marque :<\/strong> Louis Vuitton<br \/>\n<strong>Mod\u00e8le :<\/strong> Keepall 50 Bandouli\u00e8re<br \/>\n<strong>Couleur :<\/strong> Noir<br \/>\n<strong>Taille :<\/strong> 50<br \/>\n<strong>Dimensions :<\/strong> 50 x 29 x 23 cm<br \/>\n<strong>Mati\u00e8re :<\/strong> cuir Monogram Shadow emboss\u00e9<\/p>","protected":false},"featured_media":97717,"comment_status":"open","ping_status":"closed","template":"","meta":{"_uag_custom_page_level_css":""},"product_brand":[346],"product_cat":[16,30],"product_tag":[],"class_list":{"0":"post-96708","1":"product","2":"type-product","3":"status-publish","4":"has-post-thumbnail","6":"product_brand-lv","7":"product_cat-maroquinerie","8":"product_cat-maroquinerie-femme","10":"first","11":"instock","12":"shipping-taxable","13":"purchasable","14":"product-type-simple"},"uagb_featured_image_src":{"full":["https:\/\/www.maisonelite.cloud\/wp-content\/uploads\/2026\/04\/louis-vuitton-keepall-bandouliere-50-M44810_PM1_Back-view.jpg",1512,1512,false],"thumbnail":["https:\/\/www.maisonelite.cloud\/wp-content\/uploads\/2026\/04\/louis-vuitton-keepall-bandouliere-50-M44810_PM1_Back-view-150x150.jpg",150,150,true],"medium":["https:\/\/www.maisonelite.cloud\/wp-content\/uploads\/2026\/04\/louis-vuitton-keepall-bandouliere-50-M44810_PM1_Back-view-300x300.jpg",300,300,true],"medium_large":["https:\/\/www.maisonelite.cloud\/wp-content\/uploads\/2026\/04\/louis-vuitton-keepall-bandouliere-50-M44810_PM1_Back-view-768x768.jpg",768,768,true],"large":["https:\/\/www.maisonelite.cloud\/wp-content\/uploads\/2026\/04\/louis-vuitton-keepall-bandouliere-50-M44810_PM1_Back-view-1024x1024.jpg",1020,1020,true],"1536x1536":["https:\/\/www.maisonelite.cloud\/wp-content\/uploads\/2026\/04\/louis-vuitton-keepall-bandouliere-50-M44810_PM1_Back-view.jpg",1512,1512,false],"2048x2048":["https:\/\/www.maisonelite.cloud\/wp-content\/uploads\/2026\/04\/louis-vuitton-keepall-bandouliere-50-M44810_PM1_Back-view.jpg",1512,1512,false],"trp-custom-language-flag":["https:\/\/www.maisonelite.cloud\/wp-content\/uploads\/2026\/04\/louis-vuitton-keepall-bandouliere-50-M44810_PM1_Back-view-12x12.jpg",12,12,true],"woocommerce_thumbnail":["https:\/\/www.maisonelite.cloud\/wp-content\/uploads\/2026\/04\/louis-vuitton-keepall-bandouliere-50-M44810_PM1_Back-view-247x296.jpg",247,296,true],"woocommerce_single":["https:\/\/www.maisonelite.cloud\/wp-content\/uploads\/2026\/04\/louis-vuitton-keepall-bandouliere-50-M44810_PM1_Back-view-510x510.jpg",510,510,true],"woocommerce_gallery_thumbnail":["https:\/\/www.maisonelite.cloud\/wp-content\/uploads\/2026\/04\/louis-vuitton-keepall-bandouliere-50-M44810_PM1_Back-view-100x100.jpg",100,100,true]},"uagb_author_info":{"display_name":"admin","author_link":"https:\/\/www.maisonelite.cloud\/en\/author\/"},"uagb_comment_info":0,"uagb_excerpt":"Marque : Louis Vuitton Mod\u00e8le : Keepall 50 Bandouli\u00e8re Couleur : Noir Taille : 50 Dimensions : 50 x 29 x 23 cm Mati\u00e8re : cuir Monogram Shadow emboss\u00e9","_links":{"self":[{"href":"https:\/\/www.maisonelite.cloud\/en\/wp-json\/wp\/v2\/product\/96708","targetHints":{"allow":["GET"]}}],"collection":[{"href":"https:\/\/www.maisonelite.cloud\/en\/wp-json\/wp\/v2\/product"}],"about":[{"href":"https:\/\/www.maisonelite.cloud\/en\/wp-json\/wp\/v2\/types\/product"}],"replies":[{"embeddable":true,"href":"https:\/\/www.maisonelite.cloud\/en\/wp-json\/wp\/v2\/comments?post=96708"}],"wp:featuredmedia":[{"embeddable":true,"href":"https:\/\/www.maisonelite.cloud\/en\/wp-json\/wp\/v2\/media\/97717"}],"wp:attachment":[{"href":"https:\/\/www.maisonelite.cloud\/en\/wp-json\/wp\/v2\/media?parent=96708"}],"wp:term":[{"taxonomy":"product_brand","embeddable":true,"href":"https:\/\/www.maisonelite.cloud\/en\/wp-json\/wp\/v2\/product_brand?post=96708"},{"taxonomy":"product_cat","embeddable":true,"href":"https:\/\/www.maisonelite.cloud\/en\/wp-json\/wp\/v2\/product_cat?post=96708"},{"taxonomy":"product_tag","embeddable":true,"href":"https:\/\/www.maisonelite.cloud\/en\/wp-json\/wp\/v2\/product_tag?post=96708"}],"curies":[{"name":"wp","href":"https:\/\/api.w.org\/{rel}","templated":true}]}}