{"id":28296,"date":"2026-04-11T11:09:35","date_gmt":"2026-04-11T10:09:35","guid":{"rendered":"https:\/\/www.maisonelite.cloud\/fr\/produit\/chanel-25b-mini-flap-bag-double-c-link-8\/"},"modified":"2026-04-11T11:09:35","modified_gmt":"2026-04-11T10:09:35","slug":"chanel-25b-mini-flap-bag-double-c-link-8","status":"publish","type":"product","link":"https:\/\/www.maisonelite.cloud\/en\/product\/chanel-25b-mini-flap-bag-double-c-link-8\/","title":{"rendered":"Chanel 25B \u2014 Mini Flap Bag Double C-Link"},"content":{"rendered":"<p>Chanel 25B \u2014 Mini Flap Bag Double C-Link \ud83d\udda4\u2728<br \/>\nIssue de la collection 25B, cette nouvelle version du Classic Flap (AS5759) red\u00e9finit l&rsquo;\u00e9l\u00e9gance avec une touche de modernit\u00e9 audacieuse. La grande innovation de cette saison r\u00e9side dans son syst\u00e8me de r\u00e9glage de cha\u00eene unique, orn\u00e9 de charms Double C.<\/p>\n<p>Caract\u00e9ristiques et Mat\u00e9riaux :<\/p>\n<p>Mati\u00e8re : Cuir d&rsquo;agneau (Lambskin) noir, s\u00e9lectionn\u00e9 pour sa douceur exceptionnelle et son aspect soyeux.<\/p>\n<p>Design : Matelassage en losanges classique sublim\u00e9 par une bijouterie en m\u00e9tal dor\u00e9 bross\u00e9.<\/p>\n<p>Innovation : Cha\u00eene ajustable gr\u00e2ce \u00e0 un syst\u00e8me coulissant d\u00e9cor\u00e9 d&rsquo;un m\u00e9daillon Double C sophistiqu\u00e9, permettant de varier les styles de port\u00e9.<\/p>\n<p>Praticit\u00e9 : Un compartiment principal spacieux pour les essentiels quotidiens malgr\u00e9 son format compact.<\/p>\n<p>D\u00e9tails Techniques :<\/p>\n<p>R\u00e9f\u00e9rence : AS5759 (Collection 25B).<\/p>\n<p>Dimensions : 20 x 13 x 7 cm.<\/p>\n<p>Finition : M\u00e9tal dor\u00e9 (Gold Hardware).<\/p>\n<p>Inclus : Packaging complet (Bo\u00eete, dustbag, ruban Cam\u00e9lia).<\/p>\n<p>Une pi\u00e8ce irr\u00e9sistible qui allie charme r\u00e9tro et luxe contemporain.<\/p>","protected":false},"excerpt":{"rendered":"<p>Ref: ME-2026-19841 | Chanel 25B &#8211; Mini Flap Double C-Link | Noir<\/p>","protected":false},"featured_media":28295,"comment_status":"open","ping_status":"closed","template":"","meta":{"_uag_custom_page_level_css":""},"product_brand":[],"product_cat":[15],"product_tag":[],"class_list":{"0":"post-28296","1":"product","2":"type-product","3":"status-publish","4":"has-post-thumbnail","6":"product_cat-non-classe","8":"first","9":"instock","10":"shipping-taxable","11":"purchasable","12":"product-type-simple"},"uagb_featured_image_src":{"full":["https:\/\/www.maisonelite.cloud\/wp-content\/uploads\/2026\/04\/n7EziTK1Hp9CbcEZxiP0UogZlN0YHuPg_c7c41bff9574771c6b645c4aab0aa91b80026f0186529b78c77593adf70c9150-12.jpg",1280,1280,false],"thumbnail":["https:\/\/www.maisonelite.cloud\/wp-content\/uploads\/2026\/04\/n7EziTK1Hp9CbcEZxiP0UogZlN0YHuPg_c7c41bff9574771c6b645c4aab0aa91b80026f0186529b78c77593adf70c9150-12-150x150.jpg",150,150,true],"medium":["https:\/\/www.maisonelite.cloud\/wp-content\/uploads\/2026\/04\/n7EziTK1Hp9CbcEZxiP0UogZlN0YHuPg_c7c41bff9574771c6b645c4aab0aa91b80026f0186529b78c77593adf70c9150-12-300x300.jpg",300,300,true],"medium_large":["https:\/\/www.maisonelite.cloud\/wp-content\/uploads\/2026\/04\/n7EziTK1Hp9CbcEZxiP0UogZlN0YHuPg_c7c41bff9574771c6b645c4aab0aa91b80026f0186529b78c77593adf70c9150-12-768x768.jpg",768,768,true],"large":["https:\/\/www.maisonelite.cloud\/wp-content\/uploads\/2026\/04\/n7EziTK1Hp9CbcEZxiP0UogZlN0YHuPg_c7c41bff9574771c6b645c4aab0aa91b80026f0186529b78c77593adf70c9150-12-1024x1024.jpg",1020,1020,true],"1536x1536":["https:\/\/www.maisonelite.cloud\/wp-content\/uploads\/2026\/04\/n7EziTK1Hp9CbcEZxiP0UogZlN0YHuPg_c7c41bff9574771c6b645c4aab0aa91b80026f0186529b78c77593adf70c9150-12.jpg",1280,1280,false],"2048x2048":["https:\/\/www.maisonelite.cloud\/wp-content\/uploads\/2026\/04\/n7EziTK1Hp9CbcEZxiP0UogZlN0YHuPg_c7c41bff9574771c6b645c4aab0aa91b80026f0186529b78c77593adf70c9150-12.jpg",1280,1280,false],"trp-custom-language-flag":["https:\/\/www.maisonelite.cloud\/wp-content\/uploads\/2026\/04\/n7EziTK1Hp9CbcEZxiP0UogZlN0YHuPg_c7c41bff9574771c6b645c4aab0aa91b80026f0186529b78c77593adf70c9150-12-12x12.jpg",12,12,true],"woocommerce_thumbnail":["https:\/\/www.maisonelite.cloud\/wp-content\/uploads\/2026\/04\/n7EziTK1Hp9CbcEZxiP0UogZlN0YHuPg_c7c41bff9574771c6b645c4aab0aa91b80026f0186529b78c77593adf70c9150-12-247x296.jpg",247,296,true],"woocommerce_single":["https:\/\/www.maisonelite.cloud\/wp-content\/uploads\/2026\/04\/n7EziTK1Hp9CbcEZxiP0UogZlN0YHuPg_c7c41bff9574771c6b645c4aab0aa91b80026f0186529b78c77593adf70c9150-12-510x510.jpg",510,510,true],"woocommerce_gallery_thumbnail":["https:\/\/www.maisonelite.cloud\/wp-content\/uploads\/2026\/04\/n7EziTK1Hp9CbcEZxiP0UogZlN0YHuPg_c7c41bff9574771c6b645c4aab0aa91b80026f0186529b78c77593adf70c9150-12-100x100.jpg",100,100,true]},"uagb_author_info":{"display_name":"admin","author_link":"https:\/\/www.maisonelite.cloud\/en\/author\/"},"uagb_comment_info":0,"uagb_excerpt":"Ref: ME-2026-19841 | Chanel 25B - Mini Flap Double C-Link | Noir","_links":{"self":[{"href":"https:\/\/www.maisonelite.cloud\/en\/wp-json\/wp\/v2\/product\/28296","targetHints":{"allow":["GET"]}}],"collection":[{"href":"https:\/\/www.maisonelite.cloud\/en\/wp-json\/wp\/v2\/product"}],"about":[{"href":"https:\/\/www.maisonelite.cloud\/en\/wp-json\/wp\/v2\/types\/product"}],"replies":[{"embeddable":true,"href":"https:\/\/www.maisonelite.cloud\/en\/wp-json\/wp\/v2\/comments?post=28296"}],"wp:featuredmedia":[{"embeddable":true,"href":"https:\/\/www.maisonelite.cloud\/en\/wp-json\/wp\/v2\/media\/28295"}],"wp:attachment":[{"href":"https:\/\/www.maisonelite.cloud\/en\/wp-json\/wp\/v2\/media?parent=28296"}],"wp:term":[{"taxonomy":"product_brand","embeddable":true,"href":"https:\/\/www.maisonelite.cloud\/en\/wp-json\/wp\/v2\/product_brand?post=28296"},{"taxonomy":"product_cat","embeddable":true,"href":"https:\/\/www.maisonelite.cloud\/en\/wp-json\/wp\/v2\/product_cat?post=28296"},{"taxonomy":"product_tag","embeddable":true,"href":"https:\/\/www.maisonelite.cloud\/en\/wp-json\/wp\/v2\/product_tag?post=28296"}],"curies":[{"name":"wp","href":"https:\/\/api.w.org\/{rel}","templated":true}]}}