{"id":296,"date":"2026-02-11T21:37:32","date_gmt":"2026-02-11T21:37:32","guid":{"rendered":"https:\/\/www.maisonelite.cloud\/home\/"},"modified":"2026-03-30T08:27:11","modified_gmt":"2026-03-30T07:27:11","slug":"home","status":"publish","type":"page","link":"https:\/\/www.maisonelite.cloud\/en\/","title":{"rendered":"Home"},"content":{"rendered":"<style>\n.me-home * { box-sizing: border-box; }\n.me-hero-triptych { display:grid; grid-template-columns:1fr 1fr 1fr; min-height:620px; }\n.me-hero-panel { position:relative; overflow:hidden; cursor:pointer; }\n.me-hero-panel img { width:100%; height:100%; object-fit:cover; transition:transform .5s; }\n.me-hero-panel:hover img { transform:scale(1.04); }\n.me-hero-panel-overlay { position:absolute; inset:0; background:linear-gradient(to top, rgba(0,0,0,0.55) 0%, transparent 55%); display:flex; flex-direction:column; justify-content:flex-end; padding:36px 32px; }\n.me-hero-panel-overlay p.label { font-size:9px; letter-spacing:4px; text-transform:uppercase; color:rgba(255,255,255,0.7); margin:0 0 10px; }\n.me-hero-panel-overlay h2 { font-size:26px; font-weight:300; letter-spacing:1px; color:#fff; margin:0 0 16px; line-height:1.2; }\n.me-hero-panel-overlay a { display:inline-block; border:1px solid rgba(255,255,255,0.7); color:#fff; text-decoration:none; font-size:9px; letter-spacing:3px; text-transform:uppercase; padding:10px 24px; transition:all .2s; }\n.me-hero-panel-overlay a:hover { background:#fff; color:#1a1a1a; }\n.me-bandeau { background:#1a1a1a; color:#fff; text-align:center; padding:14px; font-size:10px; letter-spacing:3px; text-transform:uppercase; }\n.me-bandeau span { margin:0 20px; }\n.me-banner { display:grid; grid-template-columns:1fr 1fr; min-height:520px; }\n.me-banner-reverse { direction:rtl; }\n.me-banner-reverse > * { direction:ltr; }\n.me-banner-img { overflow:hidden; }\n.me-banner-img img { width:100%; height:100%; object-fit:cover; transition:transform .4s; }\n.me-banner-img:hover img { transform:scale(1.03); }\n.me-banner-text { display:flex; flex-direction:column; justify-content:center; padding:60px 80px; background:#f9f7f5; }\n.me-banner-text p.label { font-size:10px; letter-spacing:4px; text-transform:uppercase; color:#888; margin:0 0 16px; }\n.me-banner-text h2 { font-size:32px; font-weight:300; letter-spacing:1px; line-height:1.3; margin:0 0 20px; color:#1a1a1a; }\n.me-banner-text p.desc { font-size:13px; color:#666; line-height:1.8; margin:0 0 36px; }\n.me-banner-text a { display:inline-block; padding:13px 36px; border:1px solid #1a1a1a; color:#1a1a1a; text-decoration:none; font-size:10px; letter-spacing:3px; text-transform:uppercase; transition:all .2s; width:fit-content; }\n.me-banner-text a:hover { background:#1a1a1a; color:#fff; }\n@media(max-width:768px){ .me-hero-triptych { grid-template-columns:1fr; } .me-hero-panel { min-height:300px; } .me-banner { grid-template-columns:1fr; } .me-banner-text { padding:40px 24px; } }\n<\/style>\n<div class=\"me-home\">\n<div class=\"me-hero-triptych\">\n<div class=\"me-hero-panel\"><img decoding=\"async\" src=\"https:\/\/www.maisonelite.cloud\/wp-content\/uploads\/2026\/03\/femme2.webp\" alt=\"Collection Femme\" title=\"Home\"><\/p>\n<div class=\"me-hero-panel-overlay\">\n<p class=\"label\">NOUVELLE COLLECTION 2026<\/p>\n<h2>Collection Femme<\/h2>\n<p><a href=\"\/fr\/product-category\/femme\/\">EXPLORER<\/a><\/div>\n<\/div>\n<div class=\"me-hero-panel\"><img decoding=\"async\" src=\"https:\/\/www.maisonelite.cloud\/wp-content\/uploads\/2026\/03\/hommes.webp\" alt=\"Collection Homme\" title=\"Home\"><\/p>\n<div class=\"me-hero-panel-overlay\">\n<p class=\"label\">NOUVELLE COLLECTION 2026<\/p>\n<h2>Collection Homme<\/h2>\n<p><a href=\"\/fr\/product-category\/homme\/\">EXPLORER<\/a><\/div>\n<\/div>\n<div class=\"me-hero-panel\"><img decoding=\"async\" src=\"https:\/\/www.maisonelite.cloud\/wp-content\/uploads\/2026\/03\/rimowa.jpeg\" alt=\"Bagagerie de Prestige\" title=\"Home\"><\/p>\n<div class=\"me-hero-panel-overlay\">\n<p class=\"label\">NOUVELLE COLLECTION 2026<\/p>\n<h2>Bagagerie de Prestige<\/h2>\n<p><a href=\"\/fr\/product-category\/bagagerie\/\">EXPLORER<\/a><\/div>\n<\/div>\n<\/div>\n<div class=\"me-bandeau\"><span>LIVRAISON INTERNATIONALE DHL &amp; FEDEX<\/span> \u00b7 <span>VALEUR DECLAREE MINIMISEE<\/span> \u00b7 <span>EMBALLAGE DISCRET<\/span><\/div>\n<div class=\"me-banner me-banner-reverse\">\n<div class=\"me-banner-text\">\n<p class=\"label\">COLLECTION EXCLUSIVE<\/p>\n<h2>Pr\u00eat-\u00e0-Porter F\u00e9minin<\/h2>\n<p class=\"desc\">Des silhouettes intemporelles sign\u00e9es par les plus grandes maisons de couture.<\/p>\n<p><a href=\"\/fr\/product-category\/femme\/pret-a-porter-femme\/\">EXPLORER LE PR\u00caT-\u00c0-PORTER<\/a><\/div>\n<div class=\"me-banner-img\"><img decoding=\"async\" src=\"https:\/\/www.maisonelite.cloud\/wp-content\/uploads\/2026\/03\/femme.webp\" alt=\"Pr\u00eat-\u00e0-Porter Femme\" title=\"Home\"><\/div>\n<\/div>\n<div class=\"me-banner\">\n<div class=\"me-banner-img\"><img decoding=\"async\" src=\"https:\/\/www.maisonelite.cloud\/wp-content\/uploads\/2026\/03\/fille.webp\" alt=\"Enfants\" title=\"Home\"><\/div>\n<div class=\"me-banner-text\">\n<p class=\"label\">COLLECTION EXCLUSIVE<\/p>\n<h2>Enfants<\/h2>\n<p class=\"desc\">Les plus belles pi\u00e8ces des maisons de luxe pour fille et gar\u00e7on.<\/p>\n<p><a href=\"\/fr\/product-category\/enfants\/\">EXPLORER LA COLLECTION ENFANTS<\/a><\/div>\n<\/div>\n<div class=\"me-banner me-banner-reverse\">\n<div class=\"me-banner-text\">\n<p class=\"label\">COLLECTION EXCLUSIVE<\/p>\n<h2>Maroquinerie de Luxe<\/h2>\n<p class=\"desc\">Des sacs iconiques aux accessoires raffin\u00e9s \u2014 Herm\u00e8s, Chanel, Louis Vuitton.<\/p>\n<p><a href=\"\/fr\/product-category\/femme\/maroquinerie-femme\/\">EXPLORER LA MAROQUINERIE<\/a><\/div>\n<div class=\"me-banner-img\"><img decoding=\"async\" src=\"https:\/\/www.maisonelite.cloud\/wp-content\/uploads\/2026\/03\/femme2.webp\" alt=\"Maroquinerie\" title=\"Home\"><\/div>\n<\/div>\n<div class=\"me-banner\">\n<div class=\"me-banner-img\"><img decoding=\"async\" src=\"https:\/\/www.maisonelite.cloud\/wp-content\/uploads\/2026\/03\/hommes.webp\" alt=\"Chaussures\" title=\"Home\"><\/div>\n<div class=\"me-banner-text\">\n<p class=\"label\">COLLECTION EXCLUSIVE<\/p>\n<h2>Chaussures de Luxe<\/h2>\n<p class=\"desc\">Du talon aiguille aux mocassins raffin\u00e9s \u2014 les cr\u00e9ations des maisons les plus embl\u00e9matiques.<\/p>\n<p><a href=\"\/fr\/product-category\/femme\/chaussures-femme\/\">EXPLORER LES CHAUSSURES<\/a><\/div>\n<\/div>\n<div style=\"padding:60px 20px;background:#fff;border-top:1px solid #efefef;\">\n<p style=\"font-size:11px;font-weight:600;letter-spacing:4px;text-transform:uppercase;text-align:center;margin:0 0 40px;color:#1a1a1a;\">MARQUES VEDETTES<\/p>\n<div style=\"display:grid;grid-template-columns:repeat(4,1fr);gap:12px;width:100%;box-sizing:border-box;\"><a href=\"\/fr\/?s=Chanel&#038;post_type=product\" style=\"display:flex;align-items:center;justify-content:center;padding:20px;border:.5px solid #e0e0e0;text-decoration:none;background:#fff;min-height:80px;box-sizing:border-box;\"><img decoding=\"async\" src=\"https:\/\/www.maisonelite.cloud\/wp-content\/plugins\/me-marques\/logos\/chanel.png\" style=\"max-height:36px;width:auto;max-width:90%;display:block;margin:0 auto;\" alt=\"Chanel\" title=\"Home\"><\/a><a href=\"\/fr\/?s=Dior&#038;post_type=product\" style=\"display:flex;align-items:center;justify-content:center;padding:20px;border:.5px solid #e0e0e0;text-decoration:none;background:#fff;min-height:80px;box-sizing:border-box;\"><img decoding=\"async\" src=\"https:\/\/www.maisonelite.cloud\/wp-content\/plugins\/me-marques\/logos\/dior.png\" style=\"max-height:36px;width:auto;max-width:90%;display:block;margin:0 auto;\" alt=\"Dior\" title=\"Home\"><\/a><a href=\"\/fr\/?s=Louis+Vuitton&#038;post_type=product\" style=\"display:flex;align-items:center;justify-content:center;padding:20px;border:.5px solid #e0e0e0;text-decoration:none;background:#fff;min-height:80px;box-sizing:border-box;\"><img decoding=\"async\" src=\"https:\/\/www.maisonelite.cloud\/wp-content\/plugins\/me-marques\/logos\/lv.png\" style=\"max-height:36px;width:auto;max-width:90%;display:block;margin:0 auto;\" alt=\"Lv\" title=\"Home\"><\/a><a href=\"\/fr\/?s=Gucci&#038;post_type=product\" style=\"display:flex;align-items:center;justify-content:center;padding:20px;border:.5px solid #e0e0e0;text-decoration:none;background:#fff;min-height:80px;box-sizing:border-box;\"><img decoding=\"async\" src=\"https:\/\/www.maisonelite.cloud\/wp-content\/plugins\/me-marques\/logos\/gucci.png\" style=\"max-height:36px;width:auto;max-width:90%;display:block;margin:0 auto;\" alt=\"Gucci\" title=\"Home\"><\/a><a href=\"\/fr\/?s=Hermes&#038;post_type=product\" style=\"display:flex;align-items:center;justify-content:center;padding:20px;border:.5px solid #e0e0e0;text-decoration:none;background:#fff;min-height:80px;box-sizing:border-box;\"><img decoding=\"async\" src=\"https:\/\/www.maisonelite.cloud\/wp-content\/plugins\/me-marques\/logos\/hermes.png\" style=\"max-height:36px;width:auto;max-width:90%;display:block;margin:0 auto;\" alt=\"Hermes\" title=\"Home\"><\/a><a href=\"\/fr\/?s=Prada&#038;post_type=product\" style=\"display:flex;align-items:center;justify-content:center;padding:20px;border:.5px solid #e0e0e0;text-decoration:none;background:#fff;min-height:80px;box-sizing:border-box;\"><img decoding=\"async\" src=\"https:\/\/www.maisonelite.cloud\/wp-content\/plugins\/me-marques\/logos\/prada.png\" style=\"max-height:36px;width:auto;max-width:90%;display:block;margin:0 auto;\" alt=\"Prada\" title=\"Home\"><\/a><a href=\"\/fr\/?s=Bottega+Veneta&#038;post_type=product\" style=\"display:flex;align-items:center;justify-content:center;padding:20px;border:.5px solid #e0e0e0;text-decoration:none;background:#fff;min-height:80px;box-sizing:border-box;\"><img decoding=\"async\" src=\"https:\/\/www.maisonelite.cloud\/wp-content\/plugins\/me-marques\/logos\/bottega.png\" style=\"max-height:36px;width:auto;max-width:90%;display:block;margin:0 auto;\" alt=\"Bottega\" title=\"Home\"><\/a><a href=\"\/fr\/?s=Loro+Piana&#038;post_type=product\" style=\"display:flex;align-items:center;justify-content:center;padding:20px;border:.5px solid #e0e0e0;text-decoration:none;background:#fff;min-height:80px;box-sizing:border-box;\"><img decoding=\"async\" src=\"https:\/\/www.maisonelite.cloud\/wp-content\/plugins\/me-marques\/logos\/loropiana.png\" style=\"max-height:36px;width:auto;max-width:90%;display:block;margin:0 auto;\" alt=\"Loropiana\" title=\"Home\"><\/a><\/div>\n<\/div>\n<\/div>","protected":false},"excerpt":{"rendered":"<p>NOUVELLE COLLECTION 2026 Collection Femme EXPLORER NOUVELLE COLLECTION 2026 Collection Homme EXPLORER NOUVELLE COLLECTION 2026 Bagagerie de Prestige EXPLORER LIVRAISON INTERNATIONALE DHL &amp; FEDEX \u00b7 VALEUR DECLAREE MINIMISEE \u00b7 EMBALLAGE DISCRET COLLECTION EXCLUSIVE Pr\u00eat-\u00e0-Porter F\u00e9minin Des silhouettes intemporelles sign\u00e9es par les plus grandes maisons de couture. EXPLORER LE PR\u00caT-\u00c0-PORTER COLLECTION EXCLUSIVE Enfants Les plus belles [&#8230;]\n","protected":false},"author":1,"featured_media":0,"parent":0,"menu_order":0,"comment_status":"closed","ping_status":"closed","template":"","meta":{"_uag_custom_page_level_css":"","footnotes":""},"class_list":["post-296","page","type-page","status-publish","hentry"],"uagb_featured_image_src":{"full":false,"thumbnail":false,"medium":false,"medium_large":false,"large":false,"1536x1536":false,"2048x2048":false,"trp-custom-language-flag":false,"woocommerce_thumbnail":false,"woocommerce_single":false,"woocommerce_gallery_thumbnail":false},"uagb_author_info":{"display_name":"admin","author_link":"https:\/\/www.maisonelite.cloud\/en\/author\/admin\/"},"uagb_comment_info":0,"uagb_excerpt":"NOUVELLE COLLECTION 2026 Collection Femme EXPLORER NOUVELLE COLLECTION 2026 Collection Homme EXPLORER NOUVELLE COLLECTION 2026 Bagagerie de Prestige EXPLORER LIVRAISON INTERNATIONALE DHL &amp; FEDEX \u00b7 VALEUR DECLAREE MINIMISEE \u00b7 EMBALLAGE DISCRET COLLECTION EXCLUSIVE Pr\u00eat-\u00e0-Porter F\u00e9minin Des silhouettes intemporelles sign\u00e9es par les plus grandes maisons de couture. EXPLORER LE PR\u00caT-\u00c0-PORTER COLLECTION EXCLUSIVE Enfants Les plus belles&hellip;","_links":{"self":[{"href":"https:\/\/www.maisonelite.cloud\/en\/wp-json\/wp\/v2\/pages\/296","targetHints":{"allow":["GET"]}}],"collection":[{"href":"https:\/\/www.maisonelite.cloud\/en\/wp-json\/wp\/v2\/pages"}],"about":[{"href":"https:\/\/www.maisonelite.cloud\/en\/wp-json\/wp\/v2\/types\/page"}],"author":[{"embeddable":true,"href":"https:\/\/www.maisonelite.cloud\/en\/wp-json\/wp\/v2\/users\/1"}],"replies":[{"embeddable":true,"href":"https:\/\/www.maisonelite.cloud\/en\/wp-json\/wp\/v2\/comments?post=296"}],"version-history":[{"count":5,"href":"https:\/\/www.maisonelite.cloud\/en\/wp-json\/wp\/v2\/pages\/296\/revisions"}],"predecessor-version":[{"id":5094,"href":"https:\/\/www.maisonelite.cloud\/en\/wp-json\/wp\/v2\/pages\/296\/revisions\/5094"}],"wp:attachment":[{"href":"https:\/\/www.maisonelite.cloud\/en\/wp-json\/wp\/v2\/media?parent=296"}],"curies":[{"name":"wp","href":"https:\/\/api.w.org\/{rel}","templated":true}]}}